{"id":10,"date":"2025-09-28T11:19:45","date_gmt":"2025-09-28T11:19:45","guid":{"rendered":"https:\/\/www.ttmonitoimi.fi\/?page_id=10"},"modified":"2025-11-07T12:00:27","modified_gmt":"2025-11-07T12:00:27","slug":"etusivu","status":"publish","type":"page","link":"https:\/\/www.ttmonitoimi.fi\/","title":{"rendered":"Etusivu"},"content":{"rendered":"\n<div class=\"wp-block-cover alignfull has-parallax has-accent-1-color has-text-color has-link-color wp-elements-f600e8cc96a69e71a52d7dab50784c5c wp-duotone-unset-1\" style=\"border-style:none;border-width:0px;border-radius:0px;margin-top:0;margin-bottom:0;padding-top:200px;padding-right:var(--wp--preset--spacing--50);padding-bottom:200px;padding-left:var(--wp--preset--spacing--50);min-height:100vh;aspect-ratio:unset;\"><div class=\"wp-block-cover__image-background wp-image-22 size-full has-parallax\" style=\"background-position:50% 50%;background-image:url(https:\/\/www.ttmonitoimi.fi\/wp-content\/uploads\/2025\/09\/7126147125_fdc4643ed9_b.jpg)\"><\/div><span aria-hidden=\"true\" class=\"wp-block-cover__background has-black-background-color has-background-dim-60 has-background-dim\"><\/span><div class=\"wp-block-cover__inner-container has-global-padding is-layout-constrained wp-container-core-cover-is-layout-d47c59a2 wp-block-cover-is-layout-constrained\">\n<h3 class=\"wp-block-heading alignwide has-text-align-center is-style-default has-text-color has-link-color wp-elements-a3d4263b77e6d78aab09c9d9e11f9e06\" style=\"color:#ffffff;font-size:clamp(3.54rem, 3.54rem + ((1vw - 0.2rem) * 5.898), 7.3rem);\"><strong><mark style=\"background-color:rgba(0, 0, 0, 0);color:#ffffff\" class=\"has-inline-color\">T&amp;T Monitoimi Oy<\/mark><\/strong><\/h3>\n\n\n\n<p class=\"has-text-align-center has-text-color has-link-color wp-elements-4822af8618f06327fd19cffa652eb4da\" style=\"color:#ffffff;font-size:clamp(2.021rem, 2.021rem + ((1vw - 0.2rem) * 2.477), 3.6rem);\"><strong>Monipuoliset palvelut helposti yhdest\u00e4 paikasta<\/strong> Kouvolan alueella!<\/p>\n<\/div><\/div>\n\n\n\n<hr class=\"wp-block-separator has-alpha-channel-opacity\"\/>\n\n\n\n<h2 class=\"wp-block-heading alignwide has-text-align-center\" id=\"we-re-a-studio-in-berlin-with-an-international-practice-in-architecture-urban-planning-and-interior-design-we-believe-in-sharing-knowledge-and-promoting-dialogue-to-increase-the-creative-potential-of-collaboration\" style=\"font-size:clamp(27.894px, 1.743rem + ((1vw - 3.2px) * 1.971), 48px);line-height:1.1\">Tarjoamme laajan valikoiman palveluita, jotka helpottavat el\u00e4m\u00e4\u00e4si ja s\u00e4\u00e4st\u00e4v\u00e4t aikaasi &#8211; oli kyse sitten kodista, yrityksest\u00e4 tai pihapiirist\u00e4.<\/h2>\n\n\n\n<hr class=\"wp-block-separator has-alpha-channel-opacity\"\/>\n\n\n\n<div class=\"wp-block-group alignfull has-global-padding is-layout-constrained wp-block-group-is-layout-constrained\" style=\"margin-top:0;margin-bottom:0;padding-top:var(--wp--preset--spacing--50);padding-bottom:var(--wp--preset--spacing--50)\">\n<figure class=\"wp-block-pullquote alignwide\"><blockquote><p>Palveluihimme kuuluu esimerkiksi:<\/p><\/blockquote><\/figure>\n\n\n\n<div class=\"wp-block-columns alignwide is-layout-flex wp-container-core-columns-is-layout-47c06fe3 wp-block-columns-is-layout-flex\">\n<div class=\"wp-block-column is-layout-flow wp-block-column-is-layout-flow\" style=\"flex-basis:56%\">\n<figure class=\"wp-block-image size-full\"><img loading=\"lazy\" decoding=\"async\" width=\"1024\" height=\"684\" src=\"https:\/\/www.ttmonitoimi.fi\/wp-content\/uploads\/2025\/09\/48079447856_4fc95aaec7_b.jpg\" alt=\"\" class=\"wp-image-20\" style=\"aspect-ratio:1;object-fit:cover\" srcset=\"https:\/\/www.ttmonitoimi.fi\/wp-content\/uploads\/2025\/09\/48079447856_4fc95aaec7_b.jpg 1024w, https:\/\/www.ttmonitoimi.fi\/wp-content\/uploads\/2025\/09\/48079447856_4fc95aaec7_b-300x200.jpg 300w, https:\/\/www.ttmonitoimi.fi\/wp-content\/uploads\/2025\/09\/48079447856_4fc95aaec7_b-768x513.jpg 768w\" sizes=\"auto, (max-width: 1024px) 100vw, 1024px\" \/><\/figure>\n<\/div>\n\n\n\n<div class=\"wp-block-column is-vertically-aligned-center is-layout-flow wp-container-core-column-is-layout-119bc444 wp-block-column-is-layout-flow\">\n<h2 class=\"wp-block-heading\"><span style=\"text-decoration: underline;\">Kiinteist\u00f6huolto<\/span><\/h2>\n\n\n\n<p>Pihojen siistiminen ja hoito,<br>Nurmikonleikkuu,<br>Lumity\u00f6t ja lumien pudotukset,<br>R\u00e4nnien puhdistukset,<br>Ulkorakennusten maalaukset,<br>Terassien pesut ja \u00f6ljy\u00e4miset,<br>Huonekalujen kasaukset.<br><\/p>\n<\/div>\n<\/div>\n\n\n\n<div class=\"wp-block-buttons is-content-justification-right is-layout-flex wp-container-core-buttons-is-layout-d445cf74 wp-block-buttons-is-layout-flex\">\n<div class=\"wp-block-button\"><a class=\"wp-block-button__link wp-element-button\" href=\"https:\/\/www.ttmonitoimi.fi\/?page_id=98\">Lis\u00e4tietoja<\/a><\/div>\n<\/div>\n<\/div>\n\n\n\n<hr class=\"wp-block-separator has-alpha-channel-opacity\"\/>\n\n\n\n<div class=\"wp-block-group alignfull has-global-padding is-layout-constrained wp-block-group-is-layout-constrained\" style=\"margin-top:0;margin-bottom:0;padding-top:var(--wp--preset--spacing--50);padding-bottom:var(--wp--preset--spacing--50)\">\n<div class=\"wp-block-group alignfull has-global-padding is-layout-constrained wp-block-group-is-layout-constrained\" style=\"margin-top:0;margin-bottom:0;padding-top:var(--wp--preset--spacing--50);padding-bottom:var(--wp--preset--spacing--50)\">\n<div class=\"wp-block-columns alignwide is-layout-flex wp-container-core-columns-is-layout-47c06fe3 wp-block-columns-is-layout-flex\">\n<div class=\"wp-block-column is-layout-flow wp-block-column-is-layout-flow\" style=\"flex-basis:56%\">\n<figure class=\"wp-block-image size-full\"><img loading=\"lazy\" decoding=\"async\" width=\"1024\" height=\"683\" src=\"https:\/\/www.ttmonitoimi.fi\/wp-content\/uploads\/2025\/09\/50588569491_da988261fb_b.jpg\" alt=\"\" class=\"wp-image-21\" style=\"aspect-ratio:1;object-fit:cover\" srcset=\"https:\/\/www.ttmonitoimi.fi\/wp-content\/uploads\/2025\/09\/50588569491_da988261fb_b.jpg 1024w, https:\/\/www.ttmonitoimi.fi\/wp-content\/uploads\/2025\/09\/50588569491_da988261fb_b-300x200.jpg 300w, https:\/\/www.ttmonitoimi.fi\/wp-content\/uploads\/2025\/09\/50588569491_da988261fb_b-768x512.jpg 768w\" sizes=\"auto, (max-width: 1024px) 100vw, 1024px\" \/><\/figure>\n<\/div>\n\n\n\n<div class=\"wp-block-column is-vertically-aligned-center is-layout-flow wp-container-core-column-is-layout-119bc444 wp-block-column-is-layout-flow\">\n<h2 class=\"wp-block-heading\"><span style=\"text-decoration: underline;\">Huolto- &amp; Asennusty\u00f6t<\/span><\/h2>\n\n\n\n<p>Autojen, sek\u00e4 ajoneuvojen korjaus ja huolto,<br>Pienkoneiden korjaus,<br>Erilaiset metallity\u00f6t,<br>Hiekkapuhallukset,<br>Hitsaukset,<br>Rengasty\u00f6t,<br>Purkuty\u00f6t,<br>Kuorma-autojen lavojen, ty\u00f6koneiden kauhojen ja maatalouskoneiden korjaus.<\/p>\n<\/div>\n<\/div>\n\n\n\n<div class=\"wp-block-buttons is-content-justification-right is-layout-flex wp-container-core-buttons-is-layout-d445cf74 wp-block-buttons-is-layout-flex\">\n<div class=\"wp-block-button\"><a class=\"wp-block-button__link wp-element-button\" href=\"https:\/\/www.ttmonitoimi.fi\/?page_id=98\">Lis\u00e4tietoja<\/a><\/div>\n<\/div>\n<\/div>\n\n\n\n<hr class=\"wp-block-separator has-alpha-channel-opacity\"\/>\n\n\n\n<div class=\"wp-block-group alignfull has-global-padding is-layout-constrained wp-container-core-group-is-layout-08655630 wp-block-group-is-layout-constrained\" style=\"margin-top:0;margin-bottom:0;padding-top:var(--wp--preset--spacing--80);padding-bottom:var(--wp--preset--spacing--80)\">\n<div class=\"wp-block-group alignwide is-layout-flow wp-block-group-is-layout-flow\">\n<p class=\"has-text-align-center is-style-text-display is-style-text-display--2\" style=\"font-style:normal;font-weight:400\">Etk\u00f6 l\u00f6yt\u00e4nyt etsim\u00e4\u00e4si? <br><a href=\"https:\/\/www.ttmonitoimi.fi\/?page_id=12\" data-type=\"page\" data-id=\"12\" rel=\"nofollow\">Ota yhteytt\u00e4!<\/a><\/p>\n\n\n\n<div style=\"height:var(--wp--preset--spacing--40)\" aria-hidden=\"true\" class=\"wp-block-spacer\"><\/div>\n<\/div>\n<\/div>\n\n\n\n<hr class=\"wp-block-separator has-alpha-channel-opacity\"\/>\n\n\n\n<div class=\"wp-block-group alignfull is-content-justification-center is-layout-flex wp-container-core-group-is-layout-4201e9eb wp-block-group-is-layout-flex\" style=\"margin-top:0;margin-bottom:0;padding-top:var(--wp--preset--spacing--50);padding-right:var(--wp--preset--spacing--30);padding-bottom:var(--wp--preset--spacing--50);padding-left:var(--wp--preset--spacing--30)\">\n<div class=\"wp-block-group is-style-default wp-container-content-9cfa9a5a is-vertical is-content-justification-center is-layout-flex wp-container-core-group-is-layout-c9ee0c5a wp-block-group-is-layout-flex\"><div class=\"aligncenter wp-block-site-logo\"><a href=\"https:\/\/www.ttmonitoimi.fi\/\" class=\"custom-logo-link\" rel=\"home\"><img loading=\"lazy\" decoding=\"async\" width=\"175\" height=\"175\" src=\"https:\/\/www.ttmonitoimi.fi\/wp-content\/uploads\/2025\/09\/cropped-TTT.png\" class=\"custom-logo\" alt=\"T&amp;T Monitoimi Oy\" srcset=\"https:\/\/www.ttmonitoimi.fi\/wp-content\/uploads\/2025\/09\/cropped-TTT.png 512w, https:\/\/www.ttmonitoimi.fi\/wp-content\/uploads\/2025\/09\/cropped-TTT-300x300.png 300w, https:\/\/www.ttmonitoimi.fi\/wp-content\/uploads\/2025\/09\/cropped-TTT-150x150.png 150w, https:\/\/www.ttmonitoimi.fi\/wp-content\/uploads\/2025\/09\/cropped-TTT-270x270.png 270w, https:\/\/www.ttmonitoimi.fi\/wp-content\/uploads\/2025\/09\/cropped-TTT-192x192.png 192w, https:\/\/www.ttmonitoimi.fi\/wp-content\/uploads\/2025\/09\/cropped-TTT-180x180.png 180w, https:\/\/www.ttmonitoimi.fi\/wp-content\/uploads\/2025\/09\/cropped-TTT-32x32.png 32w\" sizes=\"auto, (max-width: 175px) 100vw, 175px\" \/><\/a><\/div>\n\n<h3 class=\"wp-block-site-title has-x-large-font-size\"><a href=\"https:\/\/www.ttmonitoimi.fi\" target=\"_self\" rel=\"home\">T&amp;T Monitoimi Oy<\/a><\/h3>\n\n\n<div class=\"wp-block-group is-nowrap is-layout-flex wp-container-core-group-is-layout-6c531013 wp-block-group-is-layout-flex\">\n<p class=\"has-text-align-left\">040 688 6074<br>info@ttmonitoimi.fi<br>Peltokyl\u00e4ntie 89<br>45100 Kouvola<\/p>\n<\/div>\n\n\n\n<p class=\"has-text-align-left has-small-font-size\"><\/p>\n\n\n\n<div style=\"height:24px;width:0px\" aria-hidden=\"true\" class=\"wp-block-spacer wp-container-content-9760934e\"><\/div>\n\n\n\n<ul class=\"wp-block-social-links is-layout-flex wp-block-social-links-is-layout-flex\"><li class=\"wp-social-link wp-social-link-facebook  wp-block-social-link\"><a href=\"https:\/\/www.facebook.com\/profile.php?id=61581665698166\" class=\"wp-block-social-link-anchor\"><svg width=\"24\" height=\"24\" viewBox=\"0 0 24 24\" version=\"1.1\" xmlns=\"http:\/\/www.w3.org\/2000\/svg\" aria-hidden=\"true\" focusable=\"false\"><path d=\"M12 2C6.5 2 2 6.5 2 12c0 5 3.7 9.1 8.4 9.9v-7H7.9V12h2.5V9.8c0-2.5 1.5-3.9 3.8-3.9 1.1 0 2.2.2 2.2.2v2.5h-1.3c-1.2 0-1.6.8-1.6 1.6V12h2.8l-.4 2.9h-2.3v7C18.3 21.1 22 17 22 12c0-5.5-4.5-10-10-10z\"><\/path><\/svg><span class=\"wp-block-social-link-label screen-reader-text\">Facebook<\/span><\/a><\/li><\/ul>\n<\/div>\n<\/div>\n<\/div>\n","protected":false},"excerpt":{"rendered":"<p>Tarjoamme laajan valikoiman palveluita, jotka helpottavat el\u00e4m\u00e4\u00e4si ja s\u00e4\u00e4st\u00e4v\u00e4t aikaasi &#8211; oli kyse sitten kodista, yrityksest\u00e4 tai pihapiirist\u00e4. Palveluihimme kuuluu esimerkiksi: Kiinteist\u00f6huolto Pihojen siistiminen ja hoito,Nurmikonleikkuu,Lumity\u00f6t ja lumien pudotukset,R\u00e4nnien puhdistukset,Ulkorakennusten maalaukset,Terassien pesut ja \u00f6ljy\u00e4miset,Huonekalujen kasaukset. Huolto- &amp; Asennusty\u00f6t Autojen, sek\u00e4 ajoneuvojen korjaus ja huolto,Pienkoneiden korjaus,Erilaiset metallity\u00f6t,Hiekkapuhallukset,Hitsaukset,Rengasty\u00f6t,Purkuty\u00f6t,Kuorma-autojen lavojen, ty\u00f6koneiden kauhojen ja maatalouskoneiden korjaus. Etk\u00f6 l\u00f6yt\u00e4nyt etsim\u00e4\u00e4si? [&hellip;]<\/p>\n","protected":false},"author":1,"featured_media":0,"parent":0,"menu_order":0,"comment_status":"closed","ping_status":"closed","template":"","meta":{"footnotes":""},"class_list":["post-10","page","type-page","status-publish","hentry"],"_links":{"self":[{"href":"https:\/\/www.ttmonitoimi.fi\/index.php?rest_route=\/wp\/v2\/pages\/10","targetHints":{"allow":["GET"]}}],"collection":[{"href":"https:\/\/www.ttmonitoimi.fi\/index.php?rest_route=\/wp\/v2\/pages"}],"about":[{"href":"https:\/\/www.ttmonitoimi.fi\/index.php?rest_route=\/wp\/v2\/types\/page"}],"author":[{"embeddable":true,"href":"https:\/\/www.ttmonitoimi.fi\/index.php?rest_route=\/wp\/v2\/users\/1"}],"replies":[{"embeddable":true,"href":"https:\/\/www.ttmonitoimi.fi\/index.php?rest_route=%2Fwp%2Fv2%2Fcomments&post=10"}],"version-history":[{"count":56,"href":"https:\/\/www.ttmonitoimi.fi\/index.php?rest_route=\/wp\/v2\/pages\/10\/revisions"}],"predecessor-version":[{"id":170,"href":"https:\/\/www.ttmonitoimi.fi\/index.php?rest_route=\/wp\/v2\/pages\/10\/revisions\/170"}],"wp:attachment":[{"href":"https:\/\/www.ttmonitoimi.fi\/index.php?rest_route=%2Fwp%2Fv2%2Fmedia&parent=10"}],"curies":[{"name":"wp","href":"https:\/\/api.w.org\/{rel}","templated":true}]}}