{"id":12,"date":"2025-09-28T11:21:55","date_gmt":"2025-09-28T11:21:55","guid":{"rendered":"https:\/\/www.ttmonitoimi.fi\/?page_id=12"},"modified":"2025-11-07T12:01:02","modified_gmt":"2025-11-07T12:01:02","slug":"yhteystiedot","status":"publish","type":"page","link":"https:\/\/www.ttmonitoimi.fi\/?page_id=12","title":{"rendered":"Ota yhteytt\u00e4"},"content":{"rendered":"\n<div class=\"wp-block-group alignfull has-global-padding is-layout-constrained wp-block-group-is-layout-constrained\" style=\"margin-top:0;margin-bottom:0;padding-top:var(--wp--preset--spacing--50);padding-bottom:var(--wp--preset--spacing--50)\">\n<div class=\"wp-block-columns alignwide is-layout-flex wp-container-core-columns-is-layout-fa584acd wp-block-columns-is-layout-flex\">\n<div class=\"wp-block-column is-vertically-aligned-center is-layout-flow wp-block-column-is-layout-flow\">\n<h2 class=\"wp-block-heading\" style=\"font-size:clamp(3.155rem, 3.155rem + ((1vw - 0.2rem) * 4.933), 6.3rem);\">Ota yhteytt\u00e4<\/h2>\n\n\n\n<p class=\"has-medium-font-size\"><\/p>\n<\/div>\n\n\n\n<div class=\"wp-block-column is-vertically-aligned-center is-layout-flow wp-block-column-is-layout-flow\">\n<figure class=\"wp-block-image size-full is-style-default\"><img loading=\"lazy\" decoding=\"async\" width=\"2560\" height=\"1706\" src=\"https:\/\/www.ttmonitoimi.fi\/wp-content\/uploads\/2025\/09\/joop2.0-scaled.png\" alt=\"\" class=\"wp-image-133\" style=\"aspect-ratio:1;object-fit:contain\" srcset=\"https:\/\/www.ttmonitoimi.fi\/wp-content\/uploads\/2025\/09\/joop2.0-scaled.png 2560w, https:\/\/www.ttmonitoimi.fi\/wp-content\/uploads\/2025\/09\/joop2.0-300x200.png 300w, https:\/\/www.ttmonitoimi.fi\/wp-content\/uploads\/2025\/09\/joop2.0-1024x683.png 1024w, https:\/\/www.ttmonitoimi.fi\/wp-content\/uploads\/2025\/09\/joop2.0-768x512.png 768w, https:\/\/www.ttmonitoimi.fi\/wp-content\/uploads\/2025\/09\/joop2.0-1536x1024.png 1536w, https:\/\/www.ttmonitoimi.fi\/wp-content\/uploads\/2025\/09\/joop2.0-2048x1365.png 2048w\" sizes=\"auto, (max-width: 2560px) 100vw, 2560px\" \/><\/figure>\n<\/div>\n<\/div>\n<\/div>\n\n\n\n<div class=\"wp-block-group alignfull has-global-padding is-layout-constrained wp-block-group-is-layout-constrained\" style=\"margin-top:0;margin-bottom:0\">\n<h2 class=\"wp-block-heading alignwide has-text-align-center\" id=\"we-re-a-studio-in-berlin-with-an-international-practice-in-architecture-urban-planning-and-interior-design-we-believe-in-sharing-knowledge-and-promoting-dialogue-to-increase-the-creative-potential-of-collaboration\" style=\"font-size:clamp(17.905px, 1.119rem + ((1vw - 3.2px) * 0.99), 28px);line-height:1.1\">Pyyd\u00e4 tarjous, tiedustele saatavuutta tai kysy lis\u00e4tietoja. <br>Voit my\u00f6s soittaa tai laittaa viesti\u00e4 numeroon<br>040 688 6074<\/h2>\n\n\n\n<hr class=\"wp-block-separator has-alpha-channel-opacity\"\/>\n<\/div>\n\n\n\n<div class=\"forminator-guttenberg\"><div class=\"forminator-ui forminator-custom-form forminator-custom-form-123 forminator-design--default  forminator_ajax\" data-forminator-render=\"0\" data-form=\"forminator-module-123\" data-uid=\"69fb6a10a8802\"><br\/><\/div><form\n\t\t\t\tid=\"forminator-module-123\"\n\t\t\t\tclass=\"forminator-ui forminator-custom-form forminator-custom-form-123 forminator-design--default  forminator_ajax\"\n\t\t\t\tmethod=\"post\"\n\t\t\t\tdata-forminator-render=\"0\"\n\t\t\t\tdata-form-id=\"123\"\n\t\t\t\t data-color-option=\"theme\" data-design=\"default\" data-grid=\"open\" style=\"display: none;\"\n\t\t\t\tdata-uid=\"69fb6a10a8802\"\n\t\t\t><div role=\"alert\" aria-live=\"polite\" class=\"forminator-response-message forminator-error\" aria-hidden=\"true\"><\/div><div class=\"forminator-row\"><div id=\"text-1\" class=\"forminator-field-text forminator-col forminator-col-12 \"><div class=\"forminator-field\"><label for=\"forminator-field-text-1_69fb6a10a8802\" id=\"forminator-field-text-1_69fb6a10a8802-label\" class=\"forminator-label\">Nimesi <span class=\"forminator-required\">*<\/span><\/label><input type=\"text\" name=\"text-1\" value=\"\" placeholder=\"\" id=\"forminator-field-text-1_69fb6a10a8802\" class=\"forminator-input forminator-name--field\" data-required=\"1\" \/><\/div><\/div><\/div><div class=\"forminator-row\"><div id=\"email-1\" class=\"forminator-field-email forminator-col forminator-col-12 \"><div class=\"forminator-field\"><label for=\"forminator-field-email-1_69fb6a10a8802\" id=\"forminator-field-email-1_69fb6a10a8802-label\" class=\"forminator-label\">S\u00e4hk\u00f6posti <span class=\"forminator-required\">*<\/span><\/label><input type=\"email\" name=\"email-1\" value=\"\" placeholder=\"\" id=\"forminator-field-email-1_69fb6a10a8802\" class=\"forminator-input forminator-email--field\" data-required=\"1\" aria-required=\"true\" autocomplete=\"email\" \/><\/div><\/div><\/div><div class=\"forminator-row\"><div id=\"text-2\" class=\"forminator-field-text forminator-col forminator-col-12 \"><div class=\"forminator-field\"><label for=\"forminator-field-text-2_69fb6a10a8802\" id=\"forminator-field-text-2_69fb6a10a8802-label\" class=\"forminator-label\">Aihe <span class=\"forminator-required\">*<\/span><\/label><input type=\"text\" name=\"text-2\" value=\"\" placeholder=\"\" id=\"forminator-field-text-2_69fb6a10a8802\" class=\"forminator-input forminator-name--field\" data-required=\"1\" \/><\/div><\/div><\/div><div class=\"forminator-row\"><div id=\"textarea-1\" class=\"forminator-field-textarea forminator-col forminator-col-12 \"><div class=\"forminator-field\"><label for=\"forminator-field-textarea-1_69fb6a10a8802\" id=\"forminator-field-textarea-1_69fb6a10a8802-label\" class=\"forminator-label\">Viestisi (valinnainen)<\/label><textarea name=\"textarea-1\" placeholder=\"\" id=\"forminator-field-textarea-1_69fb6a10a8802\" class=\"forminator-textarea\" rows=\"6\" style=\"--forminator-textarea-min-height:140px;\" ><\/textarea><\/div><\/div><\/div><input type=\"hidden\" name=\"referer_url\" value=\"\" \/><div class=\"forminator-row forminator-row-last\"><div class=\"forminator-col\"><div class=\"forminator-field\"><button class=\"forminator-button forminator-button-submit\">L&auml;het&auml;<\/button><\/div><\/div><\/div><input type=\"hidden\" id=\"forminator_nonce\" name=\"forminator_nonce\" value=\"d71a56790a\" \/><input type=\"hidden\" name=\"_wp_http_referer\" value=\"\/index.php?rest_route=%2Fwp%2Fv2%2Fpages%2F12\" \/><input type=\"hidden\" name=\"form_id\" value=\"123\"><input type=\"hidden\" name=\"page_id\" value=\"12\"><input type=\"hidden\" name=\"form_type\" value=\"default\"><input type=\"hidden\" name=\"current_url\" value=\"https:\/\/www.ttmonitoimi.fi\/?page_id=12\"><input type=\"hidden\" name=\"render_id\" value=\"0\"><input type=\"hidden\" name=\"action\" value=\"forminator_submit_form_custom-forms\"><\/form><\/div>\n\n\n\n<p class=\"is-style-text-display is-style-text-display--1\"><\/p>\n\n\n\n<hr class=\"wp-block-separator has-alpha-channel-opacity\"\/>\n\n\n\n<div class=\"wp-block-group is-style-default wp-container-content-9cfa9a5a is-vertical is-content-justification-center is-layout-flex wp-container-core-group-is-layout-c9ee0c5a wp-block-group-is-layout-flex\"><div class=\"aligncenter wp-block-site-logo\"><a href=\"https:\/\/www.ttmonitoimi.fi\/\" class=\"custom-logo-link\" rel=\"home\"><img loading=\"lazy\" decoding=\"async\" width=\"175\" height=\"175\" src=\"https:\/\/www.ttmonitoimi.fi\/wp-content\/uploads\/2025\/09\/cropped-TTT.png\" class=\"custom-logo\" alt=\"T&amp;T Monitoimi Oy\" srcset=\"https:\/\/www.ttmonitoimi.fi\/wp-content\/uploads\/2025\/09\/cropped-TTT.png 512w, https:\/\/www.ttmonitoimi.fi\/wp-content\/uploads\/2025\/09\/cropped-TTT-300x300.png 300w, https:\/\/www.ttmonitoimi.fi\/wp-content\/uploads\/2025\/09\/cropped-TTT-150x150.png 150w, https:\/\/www.ttmonitoimi.fi\/wp-content\/uploads\/2025\/09\/cropped-TTT-270x270.png 270w, https:\/\/www.ttmonitoimi.fi\/wp-content\/uploads\/2025\/09\/cropped-TTT-192x192.png 192w, https:\/\/www.ttmonitoimi.fi\/wp-content\/uploads\/2025\/09\/cropped-TTT-180x180.png 180w, https:\/\/www.ttmonitoimi.fi\/wp-content\/uploads\/2025\/09\/cropped-TTT-32x32.png 32w\" sizes=\"auto, (max-width: 175px) 100vw, 175px\" \/><\/a><\/div>\n\n<h3 class=\"wp-block-site-title has-x-large-font-size\"><a href=\"https:\/\/www.ttmonitoimi.fi\" target=\"_self\" rel=\"home\">T&amp;T Monitoimi Oy<\/a><\/h3>\n\n\n<div class=\"wp-block-group is-nowrap is-layout-flex wp-container-core-group-is-layout-6c531013 wp-block-group-is-layout-flex\">\n<p class=\"has-text-align-left\">040 688 6074<br>info@ttmonitoimi.fi<br>Peltokyl\u00e4ntie 89<br>45100 Kouvola<\/p>\n<\/div>\n\n\n\n<p class=\"has-text-align-left has-small-font-size\"><\/p>\n\n\n\n<div style=\"height:24px;width:0px\" aria-hidden=\"true\" class=\"wp-block-spacer wp-container-content-9760934e\"><\/div>\n\n\n\n<ul class=\"wp-block-social-links is-layout-flex wp-block-social-links-is-layout-flex\"><li class=\"wp-social-link wp-social-link-facebook  wp-block-social-link\"><a href=\"https:\/\/www.facebook.com\/profile.php?id=61581665698166\" class=\"wp-block-social-link-anchor\"><svg width=\"24\" height=\"24\" viewBox=\"0 0 24 24\" version=\"1.1\" xmlns=\"http:\/\/www.w3.org\/2000\/svg\" aria-hidden=\"true\" focusable=\"false\"><path d=\"M12 2C6.5 2 2 6.5 2 12c0 5 3.7 9.1 8.4 9.9v-7H7.9V12h2.5V9.8c0-2.5 1.5-3.9 3.8-3.9 1.1 0 2.2.2 2.2.2v2.5h-1.3c-1.2 0-1.6.8-1.6 1.6V12h2.8l-.4 2.9h-2.3v7C18.3 21.1 22 17 22 12c0-5.5-4.5-10-10-10z\"><\/path><\/svg><span class=\"wp-block-social-link-label screen-reader-text\">Facebook<\/span><\/a><\/li><\/ul>\n<\/div>\n\n\n\n<p class=\"is-style-text-display is-style-text-display--2\"><\/p>\n","protected":false},"excerpt":{"rendered":"<p>Ota yhteytt\u00e4 Pyyd\u00e4 tarjous, tiedustele saatavuutta tai kysy lis\u00e4tietoja. Voit my\u00f6s soittaa tai laittaa viesti\u00e4 numeroon040 688 6074 040 688 6074info@ttmonitoimi.fiPeltokyl\u00e4ntie 8945100 Kouvola<\/p>\n","protected":false},"author":1,"featured_media":0,"parent":0,"menu_order":0,"comment_status":"closed","ping_status":"closed","template":"","meta":{"footnotes":""},"class_list":["post-12","page","type-page","status-publish","hentry"],"_links":{"self":[{"href":"https:\/\/www.ttmonitoimi.fi\/index.php?rest_route=\/wp\/v2\/pages\/12","targetHints":{"allow":["GET"]}}],"collection":[{"href":"https:\/\/www.ttmonitoimi.fi\/index.php?rest_route=\/wp\/v2\/pages"}],"about":[{"href":"https:\/\/www.ttmonitoimi.fi\/index.php?rest_route=\/wp\/v2\/types\/page"}],"author":[{"embeddable":true,"href":"https:\/\/www.ttmonitoimi.fi\/index.php?rest_route=\/wp\/v2\/users\/1"}],"replies":[{"embeddable":true,"href":"https:\/\/www.ttmonitoimi.fi\/index.php?rest_route=%2Fwp%2Fv2%2Fcomments&post=12"}],"version-history":[{"count":15,"href":"https:\/\/www.ttmonitoimi.fi\/index.php?rest_route=\/wp\/v2\/pages\/12\/revisions"}],"predecessor-version":[{"id":171,"href":"https:\/\/www.ttmonitoimi.fi\/index.php?rest_route=\/wp\/v2\/pages\/12\/revisions\/171"}],"wp:attachment":[{"href":"https:\/\/www.ttmonitoimi.fi\/index.php?rest_route=%2Fwp%2Fv2%2Fmedia&parent=12"}],"curies":[{"name":"wp","href":"https:\/\/api.w.org\/{rel}","templated":true}]}}