{"id":98,"date":"2025-09-30T17:55:42","date_gmt":"2025-09-30T17:55:42","guid":{"rendered":"https:\/\/www.ttmonitoimi.fi\/?page_id=98"},"modified":"2025-11-07T12:00:08","modified_gmt":"2025-11-07T12:00:08","slug":"lisatietoja","status":"publish","type":"page","link":"https:\/\/www.ttmonitoimi.fi\/?page_id=98","title":{"rendered":"Lis\u00e4tietoja"},"content":{"rendered":"\n<div class=\"wp-block-cover alignfull has-parallax wp-duotone-unset-1\" style=\"margin-top:0;padding-top:48px;padding-right:48px;padding-bottom:48px;padding-left:48px;min-height:66vh;aspect-ratio:unset;\"><div class=\"wp-block-cover__image-background wp-image-22 size-full has-parallax\" style=\"background-position:50% 50%;background-image:url(https:\/\/www.ttmonitoimi.fi\/wp-content\/uploads\/2025\/09\/7126147125_fdc4643ed9_b.jpg)\"><\/div><span aria-hidden=\"true\" class=\"wp-block-cover__background has-black-background-color has-background-dim-70 has-background-dim\"><\/span><div class=\"wp-block-cover__inner-container is-layout-flow wp-block-cover-is-layout-flow\">\n<div class=\"wp-block-group has-global-padding is-content-justification-left is-layout-constrained wp-container-core-group-is-layout-0b562c1c wp-block-group-is-layout-constrained\" style=\"font-size:clamp(26.944px, 1.684rem + ((1vw - 3.2px) * 1.868), 46px);\">\n<h2 class=\"wp-block-heading alignfull has-text-align-center has-white-color has-text-color\" style=\"font-size:clamp(50.171px, 3.136rem + ((1vw - 3.2px) * 4.885), 100px);font-style:normal;font-weight:700;letter-spacing:0px;line-height:1;text-transform:uppercase\">lis\u00e4tietoja<\/h2>\n<\/div>\n<\/div><\/div>\n\n\n\n<div class=\"wp-block-group alignfull has-global-padding is-layout-constrained wp-container-core-group-is-layout-190373c5 wp-block-group-is-layout-constrained\" style=\"margin-top:0;margin-bottom:0;padding-top:var(--wp--preset--spacing--50);padding-bottom:var(--wp--preset--spacing--50)\">\n<div class=\"wp-block-group alignwide has-global-padding is-content-justification-left is-layout-constrained wp-container-core-group-is-layout-12dd3699 wp-block-group-is-layout-constrained\">\n<h2 class=\"wp-block-heading has-x-large-font-size\"><\/h2>\n\n\n\n<p><\/p>\n<\/div>\n\n\n\n<div class=\"wp-block-columns alignwide is-layout-flex wp-container-core-columns-is-layout-cdebebb7 wp-block-columns-is-layout-flex\" style=\"padding-top:0;padding-bottom:0\">\n<div class=\"wp-block-column is-layout-flow wp-container-core-column-is-layout-8ad66c59 wp-block-column-is-layout-flow\" style=\"padding-top:var(--wp--preset--spacing--70)\">\n<figure class=\"wp-block-image size-full\"><img loading=\"lazy\" decoding=\"async\" width=\"2560\" height=\"1706\" src=\"https:\/\/www.ttmonitoimi.fi\/wp-content\/uploads\/2025\/09\/man-cutting-grass-with-lawn-mover-back-yard-scaled.jpg\" alt=\"\" class=\"wp-image-105\" srcset=\"https:\/\/www.ttmonitoimi.fi\/wp-content\/uploads\/2025\/09\/man-cutting-grass-with-lawn-mover-back-yard-scaled.jpg 2560w, https:\/\/www.ttmonitoimi.fi\/wp-content\/uploads\/2025\/09\/man-cutting-grass-with-lawn-mover-back-yard-300x200.jpg 300w, https:\/\/www.ttmonitoimi.fi\/wp-content\/uploads\/2025\/09\/man-cutting-grass-with-lawn-mover-back-yard-1024x683.jpg 1024w, https:\/\/www.ttmonitoimi.fi\/wp-content\/uploads\/2025\/09\/man-cutting-grass-with-lawn-mover-back-yard-768x512.jpg 768w, https:\/\/www.ttmonitoimi.fi\/wp-content\/uploads\/2025\/09\/man-cutting-grass-with-lawn-mover-back-yard-1536x1024.jpg 1536w, https:\/\/www.ttmonitoimi.fi\/wp-content\/uploads\/2025\/09\/man-cutting-grass-with-lawn-mover-back-yard-2048x1365.jpg 2048w\" sizes=\"auto, (max-width: 2560px) 100vw, 2560px\" \/><\/figure>\n\n\n\n<div class=\"wp-block-group is-vertical is-layout-flex wp-container-core-group-is-layout-971a3e1f wp-block-group-is-layout-flex\" style=\"padding-top:var(--wp--preset--spacing--30)\">\n<h3 class=\"wp-block-heading\" style=\"padding-top:var(--wp--preset--spacing--20)\"><span style=\"text-decoration: underline;\">Pihojen siistint\u00e4 ja hoito<\/span><\/h3>\n\n\n\n<p class=\"has-accent-4-color has-text-color has-link-color has-medium-font-size wp-elements-effcb549a3957214c8789e4f7fac3078\">Tarjoamme nurmikon leikkuut, lehtien haravoinnit, risujen h\u00e4vitykset, r\u00e4nnien puhdistukset, pihateiden painepesut.<\/p>\n<\/div>\n\n\n\n<p style=\"padding-top:var(--wp--preset--spacing--40)\"><\/p>\n<\/div>\n\n\n\n<div class=\"wp-block-column is-layout-flow wp-container-core-column-is-layout-8ad66c59 wp-block-column-is-layout-flow\" style=\"padding-top:var(--wp--preset--spacing--70)\">\n<figure class=\"wp-block-image size-full\"><img loading=\"lazy\" decoding=\"async\" width=\"2560\" height=\"1708\" src=\"https:\/\/www.ttmonitoimi.fi\/wp-content\/uploads\/2025\/09\/pexels-bidvine-517980-2293822-scaled.jpg\" alt=\"\" class=\"wp-image-109\" srcset=\"https:\/\/www.ttmonitoimi.fi\/wp-content\/uploads\/2025\/09\/pexels-bidvine-517980-2293822-scaled.jpg 2560w, https:\/\/www.ttmonitoimi.fi\/wp-content\/uploads\/2025\/09\/pexels-bidvine-517980-2293822-300x200.jpg 300w, https:\/\/www.ttmonitoimi.fi\/wp-content\/uploads\/2025\/09\/pexels-bidvine-517980-2293822-1024x683.jpg 1024w, https:\/\/www.ttmonitoimi.fi\/wp-content\/uploads\/2025\/09\/pexels-bidvine-517980-2293822-768x512.jpg 768w, https:\/\/www.ttmonitoimi.fi\/wp-content\/uploads\/2025\/09\/pexels-bidvine-517980-2293822-1536x1025.jpg 1536w, https:\/\/www.ttmonitoimi.fi\/wp-content\/uploads\/2025\/09\/pexels-bidvine-517980-2293822-2048x1366.jpg 2048w\" sizes=\"auto, (max-width: 2560px) 100vw, 2560px\" \/><\/figure>\n\n\n\n<div class=\"wp-block-group is-vertical is-layout-flex wp-container-core-group-is-layout-971a3e1f wp-block-group-is-layout-flex\" style=\"padding-top:var(--wp--preset--spacing--30)\">\n<h3 class=\"wp-block-heading\" style=\"padding-top:var(--wp--preset--spacing--20)\"><span style=\"text-decoration: underline;\">Ulkorakennusten maalaus<\/span><\/h3>\n\n\n\n<p class=\"has-accent-4-color has-text-color has-link-color has-medium-font-size wp-elements-5268f994d5c98c1961feb372e573c48a\">Maalaamme rakennuksia, taloja sek\u00e4 aitoja. Pesemme sek\u00e4 \u00f6ljy\u00e4mme terasseja.<\/p>\n<\/div>\n\n\n\n<p style=\"padding-top:var(--wp--preset--spacing--40)\"><\/p>\n<\/div>\n\n\n\n<div class=\"wp-block-column is-layout-flow wp-container-core-column-is-layout-8ad66c59 wp-block-column-is-layout-flow\" style=\"padding-top:var(--wp--preset--spacing--70)\">\n<figure class=\"wp-block-image size-full\"><img loading=\"lazy\" decoding=\"async\" width=\"2560\" height=\"1709\" src=\"https:\/\/www.ttmonitoimi.fi\/wp-content\/uploads\/2025\/09\/vecteezy_winter-mountain-landscape_11584597-scaled.jpg\" alt=\"\" class=\"wp-image-111\" srcset=\"https:\/\/www.ttmonitoimi.fi\/wp-content\/uploads\/2025\/09\/vecteezy_winter-mountain-landscape_11584597-scaled.jpg 2560w, https:\/\/www.ttmonitoimi.fi\/wp-content\/uploads\/2025\/09\/vecteezy_winter-mountain-landscape_11584597-300x200.jpg 300w, https:\/\/www.ttmonitoimi.fi\/wp-content\/uploads\/2025\/09\/vecteezy_winter-mountain-landscape_11584597-1024x683.jpg 1024w, https:\/\/www.ttmonitoimi.fi\/wp-content\/uploads\/2025\/09\/vecteezy_winter-mountain-landscape_11584597-768x513.jpg 768w, https:\/\/www.ttmonitoimi.fi\/wp-content\/uploads\/2025\/09\/vecteezy_winter-mountain-landscape_11584597-1536x1025.jpg 1536w, https:\/\/www.ttmonitoimi.fi\/wp-content\/uploads\/2025\/09\/vecteezy_winter-mountain-landscape_11584597-2048x1367.jpg 2048w\" sizes=\"auto, (max-width: 2560px) 100vw, 2560px\" \/><\/figure>\n\n\n\n<div class=\"wp-block-group is-vertical is-layout-flex wp-container-core-group-is-layout-971a3e1f wp-block-group-is-layout-flex\" style=\"padding-top:var(--wp--preset--spacing--30)\">\n<h3 class=\"wp-block-heading\" style=\"padding-top:var(--wp--preset--spacing--20)\"><span style=\"text-decoration: underline;\">Lumity\u00f6t sek\u00e4 lumien pudotus<\/span><\/h3>\n\n\n\n<p class=\"has-accent-4-color has-text-color has-link-color has-medium-font-size wp-elements-fc92392e3afee0982663286f601bd4d0\">Luomme lumet pihaltasi sek\u00e4 pudotamme katoiltasi lumet.<\/p>\n<\/div>\n\n\n\n<p style=\"padding-top:var(--wp--preset--spacing--40)\"><\/p>\n<\/div>\n<\/div>\n<\/div>\n\n\n\n<hr class=\"wp-block-separator has-alpha-channel-opacity\"\/>\n\n\n\n<div class=\"wp-block-group alignfull has-global-padding is-layout-constrained wp-container-core-group-is-layout-190373c5 wp-block-group-is-layout-constrained\" style=\"margin-top:0;margin-bottom:0;padding-top:var(--wp--preset--spacing--50);padding-bottom:var(--wp--preset--spacing--50)\">\n<div class=\"wp-block-group alignwide has-global-padding is-content-justification-left is-layout-constrained wp-container-core-group-is-layout-12dd3699 wp-block-group-is-layout-constrained\">\n<h2 class=\"wp-block-heading has-x-large-font-size\"><\/h2>\n\n\n\n<p><\/p>\n<\/div>\n\n\n\n<div class=\"wp-block-columns alignwide is-layout-flex wp-container-core-columns-is-layout-cdebebb7 wp-block-columns-is-layout-flex\" style=\"padding-top:0;padding-bottom:0\">\n<div class=\"wp-block-column is-layout-flow wp-container-core-column-is-layout-8ad66c59 wp-block-column-is-layout-flow\" style=\"padding-top:var(--wp--preset--spacing--70)\">\n<figure class=\"wp-block-image size-full\"><img loading=\"lazy\" decoding=\"async\" width=\"2560\" height=\"1707\" src=\"https:\/\/www.ttmonitoimi.fi\/wp-content\/uploads\/2025\/09\/pexels-cottonbro-7564871-scaled.jpg\" alt=\"\" class=\"wp-image-107\" srcset=\"https:\/\/www.ttmonitoimi.fi\/wp-content\/uploads\/2025\/09\/pexels-cottonbro-7564871-scaled.jpg 2560w, https:\/\/www.ttmonitoimi.fi\/wp-content\/uploads\/2025\/09\/pexels-cottonbro-7564871-300x200.jpg 300w, https:\/\/www.ttmonitoimi.fi\/wp-content\/uploads\/2025\/09\/pexels-cottonbro-7564871-1024x683.jpg 1024w, https:\/\/www.ttmonitoimi.fi\/wp-content\/uploads\/2025\/09\/pexels-cottonbro-7564871-768x512.jpg 768w, https:\/\/www.ttmonitoimi.fi\/wp-content\/uploads\/2025\/09\/pexels-cottonbro-7564871-1536x1024.jpg 1536w, https:\/\/www.ttmonitoimi.fi\/wp-content\/uploads\/2025\/09\/pexels-cottonbro-7564871-2048x1365.jpg 2048w\" sizes=\"auto, (max-width: 2560px) 100vw, 2560px\" \/><\/figure>\n\n\n\n<div class=\"wp-block-group is-vertical is-layout-flex wp-container-core-group-is-layout-971a3e1f wp-block-group-is-layout-flex\" style=\"padding-top:var(--wp--preset--spacing--30)\">\n<h3 class=\"wp-block-heading\" style=\"padding-top:var(--wp--preset--spacing--20)\"><span style=\"text-decoration: underline;\">Ajoneuvojen korjaus ja huolto<\/span><\/h3>\n\n\n\n<p class=\"has-accent-4-color has-text-color has-link-color has-medium-font-size wp-elements-c9c3a0b6ed24a3e9f09be0ac0d58beb9\">Huollamme ja korjaamme autosi, oli tarpeena sitten jarruremontti taikka \u00f6ljynvaihto.<br>Huomioithan, ett\u00e4 uusia autoja meill\u00e4 ei v\u00e4ltt\u00e4m\u00e4tt\u00e4 ole mahdollisuutta korjata.<\/p>\n<\/div>\n\n\n\n<p style=\"padding-top:var(--wp--preset--spacing--40)\"><\/p>\n<\/div>\n\n\n\n<div class=\"wp-block-column is-layout-flow wp-container-core-column-is-layout-8ad66c59 wp-block-column-is-layout-flow\" style=\"padding-top:var(--wp--preset--spacing--70)\">\n<figure class=\"wp-block-image size-full\"><img loading=\"lazy\" decoding=\"async\" width=\"2560\" height=\"1707\" src=\"https:\/\/www.ttmonitoimi.fi\/wp-content\/uploads\/2025\/09\/side-view-man-inflating-tire-scaled.jpg\" alt=\"\" class=\"wp-image-106\" srcset=\"https:\/\/www.ttmonitoimi.fi\/wp-content\/uploads\/2025\/09\/side-view-man-inflating-tire-scaled.jpg 2560w, https:\/\/www.ttmonitoimi.fi\/wp-content\/uploads\/2025\/09\/side-view-man-inflating-tire-300x200.jpg 300w, https:\/\/www.ttmonitoimi.fi\/wp-content\/uploads\/2025\/09\/side-view-man-inflating-tire-1024x683.jpg 1024w, https:\/\/www.ttmonitoimi.fi\/wp-content\/uploads\/2025\/09\/side-view-man-inflating-tire-768x512.jpg 768w, https:\/\/www.ttmonitoimi.fi\/wp-content\/uploads\/2025\/09\/side-view-man-inflating-tire-1536x1024.jpg 1536w, https:\/\/www.ttmonitoimi.fi\/wp-content\/uploads\/2025\/09\/side-view-man-inflating-tire-2048x1365.jpg 2048w\" sizes=\"auto, (max-width: 2560px) 100vw, 2560px\" \/><\/figure>\n\n\n\n<div class=\"wp-block-group is-vertical is-layout-flex wp-container-core-group-is-layout-971a3e1f wp-block-group-is-layout-flex\" style=\"padding-top:var(--wp--preset--spacing--30)\">\n<h3 class=\"wp-block-heading\" style=\"padding-top:var(--wp--preset--spacing--20)\"><span style=\"text-decoration: underline;\">Rengasty\u00f6t<\/span><\/h3>\n\n\n\n<p class=\"has-accent-4-color has-text-color has-link-color has-medium-font-size wp-elements-613887a2956526b90b35134783f28307\">Vaihdamme renkaat autosi alle jopa omalla pihallasi, voimme my\u00f6s pest\u00e4 toiset renkaat varastointia varten.<br>Renkaiden vanteille asennus sek\u00e4 tasapainotus.<\/p>\n<\/div>\n\n\n\n<p style=\"padding-top:var(--wp--preset--spacing--40)\"><\/p>\n<\/div>\n\n\n\n<div class=\"wp-block-column is-layout-flow wp-container-core-column-is-layout-8ad66c59 wp-block-column-is-layout-flow\" style=\"padding-top:var(--wp--preset--spacing--70)\">\n<figure class=\"wp-block-image size-full\"><img loading=\"lazy\" decoding=\"async\" width=\"2560\" height=\"1707\" src=\"https:\/\/www.ttmonitoimi.fi\/wp-content\/uploads\/2025\/09\/welding-work-with-metal-construction-busy-metal-factory-scaled.jpg\" alt=\"\" class=\"wp-image-101\" srcset=\"https:\/\/www.ttmonitoimi.fi\/wp-content\/uploads\/2025\/09\/welding-work-with-metal-construction-busy-metal-factory-scaled.jpg 2560w, https:\/\/www.ttmonitoimi.fi\/wp-content\/uploads\/2025\/09\/welding-work-with-metal-construction-busy-metal-factory-300x200.jpg 300w, https:\/\/www.ttmonitoimi.fi\/wp-content\/uploads\/2025\/09\/welding-work-with-metal-construction-busy-metal-factory-1024x683.jpg 1024w, https:\/\/www.ttmonitoimi.fi\/wp-content\/uploads\/2025\/09\/welding-work-with-metal-construction-busy-metal-factory-768x512.jpg 768w, https:\/\/www.ttmonitoimi.fi\/wp-content\/uploads\/2025\/09\/welding-work-with-metal-construction-busy-metal-factory-1536x1024.jpg 1536w, https:\/\/www.ttmonitoimi.fi\/wp-content\/uploads\/2025\/09\/welding-work-with-metal-construction-busy-metal-factory-2048x1365.jpg 2048w\" sizes=\"auto, (max-width: 2560px) 100vw, 2560px\" \/><\/figure>\n\n\n\n<div class=\"wp-block-group is-vertical is-layout-flex wp-container-core-group-is-layout-971a3e1f wp-block-group-is-layout-flex\" style=\"padding-top:var(--wp--preset--spacing--30)\">\n<h3 class=\"wp-block-heading\" style=\"padding-top:var(--wp--preset--spacing--20)\"><span style=\"text-decoration: underline;\">Erilaiset metallity\u00f6t<\/span><\/h3>\n\n\n\n<p class=\"has-accent-4-color has-text-color has-link-color has-medium-font-size wp-elements-81d4b4f847fd8e08c662228f6d7817ad\">Ajoneuvojen hitsaukset, ty\u00f6koneiden kauhojen hitsaukset sek\u00e4 korjaukset.<br>Kuorma-autojen lavojen hiekkapuhallukset sek\u00e4 korjaukset.<br><\/p>\n<\/div>\n\n\n\n<p style=\"padding-top:var(--wp--preset--spacing--40)\"><\/p>\n<\/div>\n<\/div>\n<\/div>\n\n\n\n<hr class=\"wp-block-separator has-alpha-channel-opacity\"\/>\n\n\n\n<div class=\"wp-block-group alignfull has-global-padding is-layout-constrained wp-container-core-group-is-layout-0c9c989a wp-block-group-is-layout-constrained\" style=\"min-height:0vh;margin-top:0;margin-bottom:0;padding-top:var(--wp--preset--spacing--70);padding-right:var(--wp--preset--spacing--40);padding-bottom:var(--wp--preset--spacing--70);padding-left:var(--wp--preset--spacing--40)\">\n<div class=\"wp-block-group has-global-padding is-layout-constrained wp-container-core-group-is-layout-346627ba wp-block-group-is-layout-constrained\">\n<h2 class=\"wp-block-heading has-text-align-center has-xx-large-font-size\" style=\"margin-right:0;margin-left:0;padding-right:0;padding-left:0\">Etk\u00f6 l\u00f6yt\u00e4nyt etsim\u00e4\u00e4si?<\/h2>\n\n\n\n<p class=\"has-text-align-center\"><\/p>\n\n\n\n<div class=\"wp-block-buttons is-content-justification-center is-layout-flex wp-container-core-buttons-is-layout-a89b3969 wp-block-buttons-is-layout-flex\">\n<div class=\"wp-block-button\"><a class=\"wp-block-button__link wp-element-button\" href=\"https:\/\/www.ttmonitoimi.fi\/?page_id=12\">Ota yhteytt\u00e4<\/a><\/div>\n<\/div>\n<\/div>\n<\/div>\n\n\n\n<hr class=\"wp-block-separator has-alpha-channel-opacity\"\/>\n\n\n\n<div class=\"wp-block-group is-style-default wp-container-content-9cfa9a5a is-vertical is-content-justification-center is-layout-flex wp-container-core-group-is-layout-c9ee0c5a wp-block-group-is-layout-flex\"><div class=\"aligncenter wp-block-site-logo\"><a href=\"https:\/\/www.ttmonitoimi.fi\/\" class=\"custom-logo-link\" rel=\"home\"><img loading=\"lazy\" decoding=\"async\" width=\"175\" height=\"175\" src=\"https:\/\/www.ttmonitoimi.fi\/wp-content\/uploads\/2025\/09\/cropped-TTT.png\" class=\"custom-logo\" alt=\"T&amp;T Monitoimi Oy\" srcset=\"https:\/\/www.ttmonitoimi.fi\/wp-content\/uploads\/2025\/09\/cropped-TTT.png 512w, https:\/\/www.ttmonitoimi.fi\/wp-content\/uploads\/2025\/09\/cropped-TTT-300x300.png 300w, https:\/\/www.ttmonitoimi.fi\/wp-content\/uploads\/2025\/09\/cropped-TTT-150x150.png 150w, https:\/\/www.ttmonitoimi.fi\/wp-content\/uploads\/2025\/09\/cropped-TTT-270x270.png 270w, https:\/\/www.ttmonitoimi.fi\/wp-content\/uploads\/2025\/09\/cropped-TTT-192x192.png 192w, https:\/\/www.ttmonitoimi.fi\/wp-content\/uploads\/2025\/09\/cropped-TTT-180x180.png 180w, https:\/\/www.ttmonitoimi.fi\/wp-content\/uploads\/2025\/09\/cropped-TTT-32x32.png 32w\" sizes=\"auto, (max-width: 175px) 100vw, 175px\" \/><\/a><\/div>\n\n<h3 class=\"wp-block-site-title has-x-large-font-size\"><a href=\"https:\/\/www.ttmonitoimi.fi\" target=\"_self\" rel=\"home\">T&amp;T Monitoimi Oy<\/a><\/h3>\n\n\n<div class=\"wp-block-group is-nowrap is-layout-flex wp-container-core-group-is-layout-6c531013 wp-block-group-is-layout-flex\">\n<p class=\"has-text-align-left\">040 688 6074<br>info@ttmonitoimi.fi<br>Peltokyl\u00e4ntie 89<br>45100 Kouvola<\/p>\n<\/div>\n\n\n\n<p class=\"has-text-align-left has-small-font-size\"><\/p>\n\n\n\n<div style=\"height:24px;width:0px\" aria-hidden=\"true\" class=\"wp-block-spacer wp-container-content-9760934e\"><\/div>\n\n\n\n<ul class=\"wp-block-social-links is-layout-flex wp-block-social-links-is-layout-flex\"><li class=\"wp-social-link wp-social-link-facebook  wp-block-social-link\"><a href=\"https:\/\/www.facebook.com\/profile.php?id=61581665698166\" class=\"wp-block-social-link-anchor\"><svg width=\"24\" height=\"24\" viewBox=\"0 0 24 24\" version=\"1.1\" xmlns=\"http:\/\/www.w3.org\/2000\/svg\" aria-hidden=\"true\" focusable=\"false\"><path d=\"M12 2C6.5 2 2 6.5 2 12c0 5 3.7 9.1 8.4 9.9v-7H7.9V12h2.5V9.8c0-2.5 1.5-3.9 3.8-3.9 1.1 0 2.2.2 2.2.2v2.5h-1.3c-1.2 0-1.6.8-1.6 1.6V12h2.8l-.4 2.9h-2.3v7C18.3 21.1 22 17 22 12c0-5.5-4.5-10-10-10z\"><\/path><\/svg><span class=\"wp-block-social-link-label screen-reader-text\">Facebook<\/span><\/a><\/li><\/ul>\n<\/div>\n","protected":false},"excerpt":{"rendered":"<p>Pihojen siistint\u00e4 ja hoito Tarjoamme nurmikon leikkuut, lehtien haravoinnit, risujen h\u00e4vitykset, r\u00e4nnien puhdistukset, pihateiden painepesut. Ulkorakennusten maalaus Maalaamme rakennuksia, taloja sek\u00e4 aitoja. Pesemme sek\u00e4 \u00f6ljy\u00e4mme terasseja. Lumity\u00f6t sek\u00e4 lumien pudotus Luomme lumet pihaltasi sek\u00e4 pudotamme katoiltasi lumet. Ajoneuvojen korjaus ja huolto Huollamme ja korjaamme autosi, oli tarpeena sitten jarruremontti taikka \u00f6ljynvaihto.Huomioithan, ett\u00e4 uusia autoja meill\u00e4 [&hellip;]<\/p>\n","protected":false},"author":1,"featured_media":0,"parent":0,"menu_order":0,"comment_status":"closed","ping_status":"closed","template":"","meta":{"footnotes":""},"class_list":["post-98","page","type-page","status-publish","hentry"],"_links":{"self":[{"href":"https:\/\/www.ttmonitoimi.fi\/index.php?rest_route=\/wp\/v2\/pages\/98","targetHints":{"allow":["GET"]}}],"collection":[{"href":"https:\/\/www.ttmonitoimi.fi\/index.php?rest_route=\/wp\/v2\/pages"}],"about":[{"href":"https:\/\/www.ttmonitoimi.fi\/index.php?rest_route=\/wp\/v2\/types\/page"}],"author":[{"embeddable":true,"href":"https:\/\/www.ttmonitoimi.fi\/index.php?rest_route=\/wp\/v2\/users\/1"}],"replies":[{"embeddable":true,"href":"https:\/\/www.ttmonitoimi.fi\/index.php?rest_route=%2Fwp%2Fv2%2Fcomments&post=98"}],"version-history":[{"count":22,"href":"https:\/\/www.ttmonitoimi.fi\/index.php?rest_route=\/wp\/v2\/pages\/98\/revisions"}],"predecessor-version":[{"id":169,"href":"https:\/\/www.ttmonitoimi.fi\/index.php?rest_route=\/wp\/v2\/pages\/98\/revisions\/169"}],"wp:attachment":[{"href":"https:\/\/www.ttmonitoimi.fi\/index.php?rest_route=%2Fwp%2Fv2%2Fmedia&parent=98"}],"curies":[{"name":"wp","href":"https:\/\/api.w.org\/{rel}","templated":true}]}}